{"id":191,"date":"2025-07-31T10:32:37","date_gmt":"2025-07-31T10:32:37","guid":{"rendered":"https:\/\/psychoterapia-kobior.pl\/?page_id=191"},"modified":"2025-10-13T10:19:35","modified_gmt":"2025-10-13T10:19:35","slug":"psychoterapia","status":"publish","type":"page","link":"https:\/\/psychoterapia-kobior.pl\/","title":{"rendered":"G\u0142\u00f3wna"},"content":{"rendered":"\t\t<div data-elementor-type=\"wp-page\" data-elementor-id=\"191\" class=\"elementor elementor-191\">\n\t\t\t\t<div class=\"elementor-element elementor-element-10d851d e-flex e-con-boxed e-con e-parent\" data-id=\"10d851d\" data-element_type=\"container\" data-e-type=\"container\">\n\t\t\t\t\t<div class=\"e-con-inner\">\n\t\t<div class=\"elementor-element elementor-element-cd24cce e-con-full e-flex e-con e-child\" data-id=\"cd24cce\" data-element_type=\"container\" data-e-type=\"container\">\n\t\t\t\t<div class=\"elementor-element elementor-element-3262b60 elementor-widget__width-initial elementor-widget-mobile__width-initial elementor-widget elementor-widget-heading\" data-id=\"3262b60\" data-element_type=\"widget\" data-e-type=\"widget\" id=\"start\" data-widget_type=\"heading.default\">\n\t\t\t\t\t<h1 class=\"elementor-heading-title elementor-size-default\">Psychoterapia <br>i pomoc psychologiczna<\/h1>\t\t\t\t<\/div>\n\t\t<div class=\"elementor-element elementor-element-f5f84a6 e-con-full e-flex e-con e-child\" data-id=\"f5f84a6\" data-element_type=\"container\" data-e-type=\"container\">\n\t\t\t\t<div class=\"elementor-element elementor-element-93db102 elementor-widget elementor-widget-text-editor\" data-id=\"93db102\" data-element_type=\"widget\" data-e-type=\"widget\" id=\"G\u0142\u00f3wna\" data-widget_type=\"text-editor.default\">\n\t\t\t\t\t\t\t\t\t<div>dla os\u00f3b zmagaj\u0105cych si\u0119 z:<\/div><ul><li><p>kryzysami \u017cyciowymi<\/p><\/li><li><p>depresj\u0105<\/p><\/li><li><p>l\u0119kiem<\/p><\/li><li><p>skutkami traum<\/p><\/li><li><p>trudno\u015bciami w relacjach<\/p><\/li><li><p>wypaleniem zawodowym <br \/>i nadmiernym stresem<\/p><\/li><\/ul>\t\t\t\t\t\t\t\t<\/div>\n\t\t\t\t<\/div>\n\t\t\t\t<\/div>\n\t\t<div class=\"elementor-element elementor-element-33f3e7a e-con-full e-flex e-con e-child\" data-id=\"33f3e7a\" data-element_type=\"container\" data-e-type=\"container\">\n\t\t\t\t<div class=\"elementor-element elementor-element-c61b538 elementor-widget elementor-widget-image\" data-id=\"c61b538\" data-element_type=\"widget\" data-e-type=\"widget\" data-widget_type=\"image.default\">\n\t\t\t\t\t\t\t\t\t\t\t\t\t\t\t<img fetchpriority=\"high\" decoding=\"async\" width=\"1024\" height=\"1024\" src=\"https:\/\/psychoterapia-kobior.pl\/wp-content\/uploads\/2025\/09\/fotele-i-drzewo-2.png\" class=\"attachment-large size-large wp-image-411\" alt=\"fotele i drzewo 2\" title=\"G\u0142\u00f3wna\">\t\t\t\t\t\t\t\t\t\t\t\t\t\t\t<\/div>\n\t\t\t\t<\/div>\n\t\t\t\t\t<\/div>\n\t\t\t\t<\/div>\n\t\t<div class=\"elementor-element elementor-element-e337286 e-flex e-con-boxed e-con e-parent\" data-id=\"e337286\" data-element_type=\"container\" data-e-type=\"container\">\n\t\t\t\t\t<div class=\"e-con-inner\">\n\t\t<div class=\"elementor-element elementor-element-5bee0f7 e-flex e-con-boxed e-con e-child\" data-id=\"5bee0f7\" data-element_type=\"container\" data-e-type=\"container\">\n\t\t\t\t\t<div class=\"e-con-inner\">\n\t\t\t\t<div class=\"elementor-element elementor-element-d3676c4 elementor-widget__width-initial elementor-widget-mobile__width-initial elementor-widget elementor-widget-heading\" data-id=\"d3676c4\" data-element_type=\"widget\" data-e-type=\"widget\" id=\"omnie\" data-widget_type=\"heading.default\">\n\t\t\t\t\t<h2 class=\"elementor-heading-title elementor-size-default\">O mnie<\/h2>\t\t\t\t<\/div>\n\t\t\t\t\t<\/div>\n\t\t\t\t<\/div>\n\t\t\t\t\t<\/div>\n\t\t\t\t<\/div>\n\t\t<div class=\"elementor-element elementor-element-d918c6e e-con-full e-flex e-con e-parent\" data-id=\"d918c6e\" data-element_type=\"container\" data-e-type=\"container\" id=\"kontakt\">\n\t\t<div class=\"elementor-element elementor-element-6b10aaa e-con-full e-flex e-con e-child\" data-id=\"6b10aaa\" data-element_type=\"container\" data-e-type=\"container\">\n\t\t\t\t<div class=\"elementor-element elementor-element-5de4bfb elementor-widget__width-initial elementor-widget elementor-widget-text-editor\" data-id=\"5de4bfb\" data-element_type=\"widget\" data-e-type=\"widget\" data-widget_type=\"text-editor.default\">\n\t\t\t\t\t\t\t\t\t<p>Jestem psychologiem i psychoterapeut\u0105 w trakcie procesu certyfikacji, cz\u0142onkiem Polskiego Towarzystwa Psychiatrycznego oraz Sekcji Naukowej Psychoterapii PTP. Od 2018 roku prowadz\u0119 prywatn\u0105 praktyk\u0119 psychologiczn\u0105 i psychoterapeutyczn\u0105 w Katowicach.<\/p><p data-start=\"695\" data-end=\"883\">Pracuj\u0119 w nurcie <span data-start=\"712\" data-end=\"729\">integratywnym<\/span>, co oznacza, \u017ce korzystam z r\u00f3\u017cnych podej\u015b\u0107 terapeutycznych, aby jak najlepiej dopasowa\u0107 metod\u0119 do potrzeb i sytuacji danej osoby. Czerpi\u0119 g\u0142\u00f3wnie z\u00a0<span style=\"font-style: inherit; font-weight: inherit;\">podej\u015bcia psychodynamicznego, h<\/span><span style=\"font-style: inherit; font-weight: inherit;\">umanistyczno-egzystencjalnego i\u00a0<\/span><span style=\"font-style: inherit; font-weight: inherit;\">systemowego oraz teorii przywi\u0105zania.<\/span><\/p><p data-start=\"695\" data-end=\"883\"><span style=\"font-style: inherit; font-weight: inherit;\">Nieustannie dokszta\u0142cam si\u0119 i rozwijam, a swoj\u0105 prac\u0119 poddaj\u0119 regularnej superwizji.<\/span><\/p><p data-start=\"991\" data-end=\"1201\">W pracy terapeutycznej korzystam r\u00f3wnie\u017c z do\u015bwiadczenia zdobytego w biznesie. Zanim wybra\u0142em \u015bcie\u017ck\u0119 psychoterapii, sko\u0144czy\u0142em ekonomi\u0119 i przez kilka lat pracowa\u0142em w finansach, w tym mi\u0119dzy innymi w audycie finansowym w PwC. Na etapie przej\u015bciowym pomi\u0119dzy ekonomi\u0105 a psychologi\u0105 zajmowa\u0142em si\u0119 wypaleniem zawodowym tworz\u0105c projekt pokonajwypalenie.pl oraz prowadz\u0105c warsztaty i szkolenia. W swojej pracy magisterskiej z psychologii bada\u0142em zwi\u0105zek wypalenia zawodowego ze stylami przywi\u0105zania i regulacj\u0105 emocji.\u00a0<\/p><p data-start=\"991\" data-end=\"1201\">Uko\u0144czy\u0142em<span style=\"font-style: inherit; font-weight: inherit;\">:<br \/><\/span><span style=\"font-style: inherit; font-weight: inherit;\">&#8211; Psychologi\u0119 na Uniwersytecie SWPS<br \/><\/span><span style=\"font-style: inherit; font-weight: inherit;\">&#8211; 4-letni kurs psychoterapii akredytowany przez Polskie Towarzystwo Psychiatryczne realizowany przez Collegium Medicum Uniwersytetu Jagiello\u0144skiego<\/span><\/p>\t\t\t\t\t\t\t\t<\/div>\n\t\t\t\t<\/div>\n\t\t<div class=\"elementor-element elementor-element-ad0b803 e-con-full e-flex e-con e-child\" data-id=\"ad0b803\" data-element_type=\"container\" data-e-type=\"container\">\n\t\t\t\t<div class=\"elementor-element elementor-element-c334e9d elementor-widget__width-initial elementor-position-top elementor-widget elementor-widget-image-box\" data-id=\"c334e9d\" data-element_type=\"widget\" data-e-type=\"widget\" data-widget_type=\"image-box.default\">\n\t\t\t\t\t<div class=\"elementor-image-box-wrapper\"><figure class=\"elementor-image-box-img\"><img decoding=\"async\" width=\"1710\" height=\"2444\" src=\"https:\/\/psychoterapia-kobior.pl\/wp-content\/uploads\/2025\/08\/Ja-biale-tlo-m.png\" class=\"attachment-full size-full wp-image-246\" alt=\"ja bia\u0142e t\u0142o m\" title=\"G\u0142\u00f3wna\"><\/figure><div class=\"elementor-image-box-content\"><h1 class=\"elementor-image-box-title\">Piotr Kobi\u00f3r<\/h1><\/div><\/div>\t\t\t\t<\/div>\n\t\t\t\t<\/div>\n\t\t\t\t<\/div>\n\t\t<div class=\"elementor-element elementor-element-4570569 e-flex e-con-boxed e-con e-parent\" data-id=\"4570569\" data-element_type=\"container\" data-e-type=\"container\">\n\t\t\t\t\t<div class=\"e-con-inner\">\n\t\t<div class=\"elementor-element elementor-element-d7edb3b e-con-full e-flex e-con e-child\" data-id=\"d7edb3b\" data-element_type=\"container\" data-e-type=\"container\">\n\t\t\t\t<div class=\"elementor-element elementor-element-a457127 elementor-widget__width-initial elementor-widget-mobile__width-initial elementor-widget elementor-widget-heading\" data-id=\"a457127\" data-element_type=\"widget\" data-e-type=\"widget\" id=\"kontakt1\" data-widget_type=\"heading.default\">\n\t\t\t\t\t<h2 class=\"elementor-heading-title elementor-size-default\">Kontakt<\/h2>\t\t\t\t<\/div>\n\t\t\t\t<\/div>\n\t\t<div class=\"elementor-element elementor-element-5cd4799 e-con-full e-flex e-con e-child\" data-id=\"5cd4799\" data-element_type=\"container\" data-e-type=\"container\">\n\t\t\t\t<\/div>\n\t\t<div class=\"elementor-element elementor-element-aab4ac4 e-con-full e-flex e-con e-child\" data-id=\"aab4ac4\" data-element_type=\"container\" data-e-type=\"container\">\n\t\t\t\t<div class=\"elementor-element elementor-element-fda5cb5 elementor-widget__width-initial elementor-widget elementor-widget-text-editor\" data-id=\"fda5cb5\" data-element_type=\"widget\" data-e-type=\"widget\" data-widget_type=\"text-editor.default\">\n\t\t\t\t\t\t\t\t\t<p>Gabinet Psychoterapii Piotr Kobi\u00f3r<br \/>ul. Topolowa 14<br \/>40-167 Katowice<\/p><p>tel. 605634563<br \/>e-mail: gabinet@psychoterapia-kobior.pl<\/p>\t\t\t\t\t\t\t\t<\/div>\n\t\t\t\t<\/div>\n\t\t<div class=\"elementor-element elementor-element-e8f3bc3 e-con-full e-flex e-con e-child\" data-id=\"e8f3bc3\" data-element_type=\"container\" data-e-type=\"container\">\n\t\t\t\t<div class=\"elementor-element elementor-element-2c7a72f elementor-widget elementor-widget-google_maps\" data-id=\"2c7a72f\" data-element_type=\"widget\" data-e-type=\"widget\" data-widget_type=\"google_maps.default\">\n\t\t\t\t\t\t\t<div class=\"elementor-custom-embed\">\n\t\t\t<iframe loading=\"lazy\"\n\t\t\t\t\tsrc=\"https:\/\/maps.google.com\/maps?q=Katowice%2C%20Topolowa%2014&#038;t=m&#038;z=11&#038;output=embed&#038;iwloc=near\"\n\t\t\t\t\ttitle=\"Katowice, Topolowa 14\"\n\t\t\t\t\taria-label=\"Katowice, Topolowa 14\"\n\t\t\t><\/iframe>\n\t\t<\/div>\n\t\t\t\t\t\t<\/div>\n\t\t\t\t<\/div>\n\t\t\t\t\t<\/div>\n\t\t\t\t<\/div>\n\t\t<div class=\"elementor-element elementor-element-4f73b03 e-con-full e-flex e-con e-parent\" data-id=\"4f73b03\" data-element_type=\"container\" data-e-type=\"container\" id=\"cennik\">\n\t\t\t\t<\/div>\n\t\t\t\t<\/div>\n\t\t","protected":false},"excerpt":{"rendered":"<p>Psychoterapia i pomoc psychologiczna dla os\u00f3b zmagaj\u0105cych si\u0119 z: kryzysami \u017cyciowymi depresj\u0105 l\u0119kiem skutkami traum trudno\u015bciami w relacjach wypaleniem zawodowym [&hellip;]<\/p>\n","protected":false},"author":1,"featured_media":188,"parent":0,"menu_order":0,"comment_status":"closed","ping_status":"closed","template":"","meta":{"site-sidebar-layout":"no-sidebar","site-content-layout":"","ast-site-content-layout":"full-width-container","site-content-style":"default","site-sidebar-style":"default","ast-global-header-display":"","ast-banner-title-visibility":"","ast-main-header-display":"","ast-hfb-above-header-display":"","ast-hfb-below-header-display":"","ast-hfb-mobile-header-display":"","site-post-title":"disabled","ast-breadcrumbs-content":"","ast-featured-img":"disabled","footer-sml-layout":"","ast-disable-related-posts":"","theme-transparent-header-meta":"","adv-header-id-meta":"","stick-header-meta":"","header-above-stick-meta":"","header-main-stick-meta":"","header-below-stick-meta":"","astra-migrate-meta-layouts":"default","ast-page-background-enabled":"default","ast-page-background-meta":{"desktop":{"background-color":"var(--ast-global-color-5)","background-image":"","background-repeat":"repeat","background-position":"center center","background-size":"auto","background-attachment":"scroll","background-type":"","background-media":"","overlay-type":"","overlay-color":"","overlay-opacity":"","overlay-gradient":""},"tablet":{"background-color":"","background-image":"","background-repeat":"repeat","background-position":"center center","background-size":"auto","background-attachment":"scroll","background-type":"","background-media":"","overlay-type":"","overlay-color":"","overlay-opacity":"","overlay-gradient":""},"mobile":{"background-color":"","background-image":"","background-repeat":"repeat","background-position":"center center","background-size":"auto","background-attachment":"scroll","background-type":"","background-media":"","overlay-type":"","overlay-color":"","overlay-opacity":"","overlay-gradient":""}},"ast-content-background-meta":{"desktop":{"background-color":"var(--ast-global-color-4)","background-image":"","background-repeat":"repeat","background-position":"center center","background-size":"auto","background-attachment":"scroll","background-type":"","background-media":"","overlay-type":"","overlay-color":"","overlay-opacity":"","overlay-gradient":""},"tablet":{"background-color":"var(--ast-global-color-4)","background-image":"","background-repeat":"repeat","background-position":"center center","background-size":"auto","background-attachment":"scroll","background-type":"","background-media":"","overlay-type":"","overlay-color":"","overlay-opacity":"","overlay-gradient":""},"mobile":{"background-color":"var(--ast-global-color-4)","background-image":"","background-repeat":"repeat","background-position":"center center","background-size":"auto","background-attachment":"scroll","background-type":"","background-media":"","overlay-type":"","overlay-color":"","overlay-opacity":"","overlay-gradient":""}},"footnotes":""},"class_list":["post-191","page","type-page","status-publish","has-post-thumbnail","hentry"],"yoast_head":"<!-- This site is optimized with the Yoast SEO plugin v27.5 - https:\/\/yoast.com\/product\/yoast-seo-wordpress\/ -->\n<title>Gabinet Psychoterapii Piotr Kobi&oacute;r<\/title>\n<meta name=\"description\" content=\"Psychoterapia i pomoc psychologiczna.\" \/>\n<meta name=\"robots\" content=\"index, follow, max-snippet:-1, max-image-preview:large, max-video-preview:-1\" \/>\n<link rel=\"canonical\" href=\"https:\/\/psychoterapia-kobior.pl\/\" \/>\n<meta property=\"og:locale\" content=\"pl_PL\" \/>\n<meta property=\"og:type\" content=\"article\" \/>\n<meta property=\"og:title\" content=\"Gabinet Psychoterapii Piotr Kobi&oacute;r\" \/>\n<meta property=\"og:description\" content=\"Psychoterapia i pomoc psychologiczna.\" \/>\n<meta property=\"og:url\" content=\"https:\/\/psychoterapia-kobior.pl\/\" \/>\n<meta property=\"og:site_name\" content=\"Gabinet Psychoterapii Piotr Kobi&oacute;r\" \/>\n<meta property=\"article:modified_time\" content=\"2025-10-13T10:19:35+00:00\" \/>\n<meta property=\"og:image\" content=\"https:\/\/psychoterapia-kobior.pl\/wp-content\/uploads\/2025\/07\/cropped-Logo-MAX-biale-tlo.png\" \/>\n\t<meta property=\"og:image:width\" content=\"512\" \/>\n\t<meta property=\"og:image:height\" content=\"512\" \/>\n\t<meta property=\"og:image:type\" content=\"image\/png\" \/>\n<meta name=\"twitter:card\" content=\"summary_large_image\" \/>\n<meta name=\"twitter:label1\" content=\"Szacowany czas czytania\" \/>\n\t<meta name=\"twitter:data1\" content=\"2 minuty\" \/>\n<script type=\"application\/ld+json\" class=\"yoast-schema-graph\">{\"@context\":\"https:\\\/\\\/schema.org\",\"@graph\":[{\"@type\":\"WebPage\",\"@id\":\"https:\\\/\\\/psychoterapia-kobior.pl\\\/\",\"url\":\"https:\\\/\\\/psychoterapia-kobior.pl\\\/\",\"name\":\"Gabinet Psychoterapii Piotr Kobi&oacute;r\",\"isPartOf\":{\"@id\":\"https:\\\/\\\/psychoterapia-kobior.pl\\\/#website\"},\"primaryImageOfPage\":{\"@id\":\"https:\\\/\\\/psychoterapia-kobior.pl\\\/#primaryimage\"},\"image\":{\"@id\":\"https:\\\/\\\/psychoterapia-kobior.pl\\\/#primaryimage\"},\"thumbnailUrl\":\"https:\\\/\\\/psychoterapia-kobior.pl\\\/wp-content\\\/uploads\\\/2025\\\/07\\\/cropped-Logo-MAX-biale-tlo.png\",\"datePublished\":\"2025-07-31T10:32:37+00:00\",\"dateModified\":\"2025-10-13T10:19:35+00:00\",\"description\":\"Psychoterapia i pomoc psychologiczna.\",\"breadcrumb\":{\"@id\":\"https:\\\/\\\/psychoterapia-kobior.pl\\\/#breadcrumb\"},\"inLanguage\":\"pl-PL\",\"potentialAction\":[{\"@type\":\"ReadAction\",\"target\":[\"https:\\\/\\\/psychoterapia-kobior.pl\\\/\"]}]},{\"@type\":\"ImageObject\",\"inLanguage\":\"pl-PL\",\"@id\":\"https:\\\/\\\/psychoterapia-kobior.pl\\\/#primaryimage\",\"url\":\"https:\\\/\\\/psychoterapia-kobior.pl\\\/wp-content\\\/uploads\\\/2025\\\/07\\\/cropped-Logo-MAX-biale-tlo.png\",\"contentUrl\":\"https:\\\/\\\/psychoterapia-kobior.pl\\\/wp-content\\\/uploads\\\/2025\\\/07\\\/cropped-Logo-MAX-biale-tlo.png\",\"width\":512,\"height\":512,\"caption\":\"logo max bia\u0142e t\u0142o\"},{\"@type\":\"BreadcrumbList\",\"@id\":\"https:\\\/\\\/psychoterapia-kobior.pl\\\/#breadcrumb\",\"itemListElement\":[{\"@type\":\"ListItem\",\"position\":1,\"name\":\"Strona g\u0142\u00f3wna\",\"item\":\"https:\\\/\\\/psychoterapia-kobior.pl\\\/\"},{\"@type\":\"ListItem\",\"position\":2,\"name\":\"G\u0142\u00f3wna\"}]},{\"@type\":\"WebSite\",\"@id\":\"https:\\\/\\\/psychoterapia-kobior.pl\\\/#website\",\"url\":\"https:\\\/\\\/psychoterapia-kobior.pl\\\/\",\"name\":\"Gabinet Psychoterapii Piotr Kobi&oacute;r\",\"description\":\"Psychoterapia i pomoc psychologiczna\",\"publisher\":{\"@id\":\"https:\\\/\\\/psychoterapia-kobior.pl\\\/#organization\"},\"potentialAction\":[{\"@type\":\"SearchAction\",\"target\":{\"@type\":\"EntryPoint\",\"urlTemplate\":\"https:\\\/\\\/psychoterapia-kobior.pl\\\/?s={search_term_string}\"},\"query-input\":{\"@type\":\"PropertyValueSpecification\",\"valueRequired\":true,\"valueName\":\"search_term_string\"}}],\"inLanguage\":\"pl-PL\"},{\"@type\":\"Organization\",\"@id\":\"https:\\\/\\\/psychoterapia-kobior.pl\\\/#organization\",\"name\":\"Gabinet Psychoterapii Piotr Kobi&oacute;r\",\"url\":\"https:\\\/\\\/psychoterapia-kobior.pl\\\/\",\"logo\":{\"@type\":\"ImageObject\",\"inLanguage\":\"pl-PL\",\"@id\":\"https:\\\/\\\/psychoterapia-kobior.pl\\\/#\\\/schema\\\/logo\\\/image\\\/\",\"url\":\"https:\\\/\\\/psychoterapia-kobior.pl\\\/wp-content\\\/uploads\\\/2025\\\/07\\\/cropped-Logo-3-Duze.png\",\"contentUrl\":\"https:\\\/\\\/psychoterapia-kobior.pl\\\/wp-content\\\/uploads\\\/2025\\\/07\\\/cropped-Logo-3-Duze.png\",\"width\":937,\"height\":469,\"caption\":\"Gabinet Psychoterapii Piotr Kobi&oacute;r\"},\"image\":{\"@id\":\"https:\\\/\\\/psychoterapia-kobior.pl\\\/#\\\/schema\\\/logo\\\/image\\\/\"}}]}<\/script>\n<!-- \/ Yoast SEO plugin. -->","yoast_head_json":{"title":"Gabinet Psychoterapii Piotr Kobi&oacute;r","description":"Psychoterapia i pomoc psychologiczna.","robots":{"index":"index","follow":"follow","max-snippet":"max-snippet:-1","max-image-preview":"max-image-preview:large","max-video-preview":"max-video-preview:-1"},"canonical":"https:\/\/psychoterapia-kobior.pl\/","og_locale":"pl_PL","og_type":"article","og_title":"Gabinet Psychoterapii Piotr Kobi&oacute;r","og_description":"Psychoterapia i pomoc psychologiczna.","og_url":"https:\/\/psychoterapia-kobior.pl\/","og_site_name":"Gabinet Psychoterapii Piotr Kobi&oacute;r","article_modified_time":"2025-10-13T10:19:35+00:00","og_image":[{"width":512,"height":512,"url":"https:\/\/psychoterapia-kobior.pl\/wp-content\/uploads\/2025\/07\/cropped-Logo-MAX-biale-tlo.png","type":"image\/png"}],"twitter_card":"summary_large_image","twitter_misc":{"Szacowany czas czytania":"2 minuty"},"schema":{"@context":"https:\/\/schema.org","@graph":[{"@type":"WebPage","@id":"https:\/\/psychoterapia-kobior.pl\/","url":"https:\/\/psychoterapia-kobior.pl\/","name":"Gabinet Psychoterapii Piotr Kobi&oacute;r","isPartOf":{"@id":"https:\/\/psychoterapia-kobior.pl\/#website"},"primaryImageOfPage":{"@id":"https:\/\/psychoterapia-kobior.pl\/#primaryimage"},"image":{"@id":"https:\/\/psychoterapia-kobior.pl\/#primaryimage"},"thumbnailUrl":"https:\/\/psychoterapia-kobior.pl\/wp-content\/uploads\/2025\/07\/cropped-Logo-MAX-biale-tlo.png","datePublished":"2025-07-31T10:32:37+00:00","dateModified":"2025-10-13T10:19:35+00:00","description":"Psychoterapia i pomoc psychologiczna.","breadcrumb":{"@id":"https:\/\/psychoterapia-kobior.pl\/#breadcrumb"},"inLanguage":"pl-PL","potentialAction":[{"@type":"ReadAction","target":["https:\/\/psychoterapia-kobior.pl\/"]}]},{"@type":"ImageObject","inLanguage":"pl-PL","@id":"https:\/\/psychoterapia-kobior.pl\/#primaryimage","url":"https:\/\/psychoterapia-kobior.pl\/wp-content\/uploads\/2025\/07\/cropped-Logo-MAX-biale-tlo.png","contentUrl":"https:\/\/psychoterapia-kobior.pl\/wp-content\/uploads\/2025\/07\/cropped-Logo-MAX-biale-tlo.png","width":512,"height":512,"caption":"logo max bia\u0142e t\u0142o"},{"@type":"BreadcrumbList","@id":"https:\/\/psychoterapia-kobior.pl\/#breadcrumb","itemListElement":[{"@type":"ListItem","position":1,"name":"Strona g\u0142\u00f3wna","item":"https:\/\/psychoterapia-kobior.pl\/"},{"@type":"ListItem","position":2,"name":"G\u0142\u00f3wna"}]},{"@type":"WebSite","@id":"https:\/\/psychoterapia-kobior.pl\/#website","url":"https:\/\/psychoterapia-kobior.pl\/","name":"Gabinet Psychoterapii Piotr Kobi&oacute;r","description":"Psychoterapia i pomoc psychologiczna","publisher":{"@id":"https:\/\/psychoterapia-kobior.pl\/#organization"},"potentialAction":[{"@type":"SearchAction","target":{"@type":"EntryPoint","urlTemplate":"https:\/\/psychoterapia-kobior.pl\/?s={search_term_string}"},"query-input":{"@type":"PropertyValueSpecification","valueRequired":true,"valueName":"search_term_string"}}],"inLanguage":"pl-PL"},{"@type":"Organization","@id":"https:\/\/psychoterapia-kobior.pl\/#organization","name":"Gabinet Psychoterapii Piotr Kobi&oacute;r","url":"https:\/\/psychoterapia-kobior.pl\/","logo":{"@type":"ImageObject","inLanguage":"pl-PL","@id":"https:\/\/psychoterapia-kobior.pl\/#\/schema\/logo\/image\/","url":"https:\/\/psychoterapia-kobior.pl\/wp-content\/uploads\/2025\/07\/cropped-Logo-3-Duze.png","contentUrl":"https:\/\/psychoterapia-kobior.pl\/wp-content\/uploads\/2025\/07\/cropped-Logo-3-Duze.png","width":937,"height":469,"caption":"Gabinet Psychoterapii Piotr Kobi&oacute;r"},"image":{"@id":"https:\/\/psychoterapia-kobior.pl\/#\/schema\/logo\/image\/"}}]}},"_links":{"self":[{"href":"https:\/\/psychoterapia-kobior.pl\/index.php?rest_route=\/wp\/v2\/pages\/191","targetHints":{"allow":["GET"]}}],"collection":[{"href":"https:\/\/psychoterapia-kobior.pl\/index.php?rest_route=\/wp\/v2\/pages"}],"about":[{"href":"https:\/\/psychoterapia-kobior.pl\/index.php?rest_route=\/wp\/v2\/types\/page"}],"author":[{"embeddable":true,"href":"https:\/\/psychoterapia-kobior.pl\/index.php?rest_route=\/wp\/v2\/users\/1"}],"replies":[{"embeddable":true,"href":"https:\/\/psychoterapia-kobior.pl\/index.php?rest_route=%2Fwp%2Fv2%2Fcomments&post=191"}],"version-history":[{"count":220,"href":"https:\/\/psychoterapia-kobior.pl\/index.php?rest_route=\/wp\/v2\/pages\/191\/revisions"}],"predecessor-version":[{"id":449,"href":"https:\/\/psychoterapia-kobior.pl\/index.php?rest_route=\/wp\/v2\/pages\/191\/revisions\/449"}],"wp:featuredmedia":[{"embeddable":true,"href":"https:\/\/psychoterapia-kobior.pl\/index.php?rest_route=\/wp\/v2\/media\/188"}],"wp:attachment":[{"href":"https:\/\/psychoterapia-kobior.pl\/index.php?rest_route=%2Fwp%2Fv2%2Fmedia&parent=191"}],"curies":[{"name":"wp","href":"https:\/\/api.w.org\/{rel}","templated":true}]}}